{"id":8,"date":"2012-07-19T20:26:28","date_gmt":"2012-07-19T18:26:28","guid":{"rendered":"http:\/\/www.guyot-architecture.ch\/test\/?page_id=8"},"modified":"2012-07-19T20:26:28","modified_gmt":"2012-07-19T18:26:28","slug":"services","status":"publish","type":"page","link":"https:\/\/www.vidourle.com\/web\/services\/","title":{"rendered":"D\u00e9couvrez les comp\u00e9tences de Vidourle"},"content":{"rendered":"\n<p>Nos services couvrent tous les aspects n\u00e9cessaires au succ\u00e8s de vos projets en assurant une vision globale des principaux enjeux qui les d\u00e9finissent par le regroupement d\u2019un ensemble.<\/p>\n\n\n\n<p>Vous pouvez consulter les d\u00e9tails des trois principaux services d&rsquo;expertise de Vidourle Ing\u00e9nierie Immobili\u00e8re dans les liens suivants.<\/p>\n\n\n\n<ul>\n<li><a href=\"http:\/\/www.vidourle.com\/web\/expertise-immobiliere\">Expertise Immobili\u00e8res<\/a><\/li>\n\n\n\n<li><a href=\"http:\/\/www.vidourle.com\/web\/economie-de-construction\">Economie de Construction<\/a><\/li>\n\n\n\n<li><a href=\"http:\/\/www.vidourle.com\/web\/gestion-du-patrimoine-bati\">Gestion du Patrimoine B\u00e2ti<\/a><\/li>\n\n\n\n<li><a href=\"http:\/\/www.vidourle.com\/web\/pilotage-de-chantier\">Pilotage de chantier<\/a><\/li>\n\n\n\n<li><a href=\"http:\/\/www.vidourle.com\/web\/representation-du-maitre-de-louvrage\">Repr\u00e9sentation du Ma\u00eetre de l&rsquo;ouvrage<\/a><\/li>\n\n\n\n<li><a href=\"http:\/\/www.vidourle.com\/web\/ingenierie-de-l'environnement\">Ing\u00e9nierie de l&rsquo;environnement<\/a><\/li>\n<\/ul>\n","protected":false},"excerpt":{"rendered":"<p>Nos services couvrent tous les aspects n\u00e9cessaires au succ\u00e8s de vos projets en assurant une vision globale des principaux enjeux qui les d\u00e9finissent par le regroupement d\u2019un ensemble. Vous pouvez consulter les d\u00e9tails des trois principaux services d&rsquo;expertise de Vidourle Ing\u00e9nierie Immobili\u00e8re dans les liens suivants.<\/p>\n","protected":false},"author":2,"featured_media":0,"parent":0,"menu_order":0,"comment_status":"closed","ping_status":"closed","template":"","meta":{"_uag_custom_page_level_css":"","site-sidebar-layout":"default","site-content-layout":"","ast-site-content-layout":"default","site-content-style":"default","site-sidebar-style":"default","ast-global-header-display":"","ast-banner-title-visibility":"","ast-main-header-display":"","ast-hfb-above-header-display":"","ast-hfb-below-header-display":"","ast-hfb-mobile-header-display":"","site-post-title":"","ast-breadcrumbs-content":"","ast-featured-img":"","footer-sml-layout":"","theme-transparent-header-meta":"","adv-header-id-meta":"","stick-header-meta":"","header-above-stick-meta":"","header-main-stick-meta":"","header-below-stick-meta":"","astra-migrate-meta-layouts":"default","ast-page-background-enabled":"default","ast-page-background-meta":{"desktop":{"background-color":"","background-image":"","background-repeat":"repeat","background-position":"center center","background-size":"auto","background-attachment":"scroll","background-type":"","background-media":"","overlay-type":"","overlay-color":"","overlay-opacity":"","overlay-gradient":""},"tablet":{"background-color":"","background-image":"","background-repeat":"repeat","background-position":"center center","background-size":"auto","background-attachment":"scroll","background-type":"","background-media":"","overlay-type":"","overlay-color":"","overlay-opacity":"","overlay-gradient":""},"mobile":{"background-color":"","background-image":"","background-repeat":"repeat","background-position":"center center","background-size":"auto","background-attachment":"scroll","background-type":"","background-media":"","overlay-type":"","overlay-color":"","overlay-opacity":"","overlay-gradient":""}},"ast-content-background-meta":{"desktop":{"background-color":"var(--ast-global-color-5)","background-image":"","background-repeat":"repeat","background-position":"center center","background-size":"auto","background-attachment":"scroll","background-type":"","background-media":"","overlay-type":"","overlay-color":"","overlay-opacity":"","overlay-gradient":""},"tablet":{"background-color":"var(--ast-global-color-5)","background-image":"","background-repeat":"repeat","background-position":"center center","background-size":"auto","background-attachment":"scroll","background-type":"","background-media":"","overlay-type":"","overlay-color":"","overlay-opacity":"","overlay-gradient":""},"mobile":{"background-color":"var(--ast-global-color-5)","background-image":"","background-repeat":"repeat","background-position":"center center","background-size":"auto","background-attachment":"scroll","background-type":"","background-media":"","overlay-type":"","overlay-color":"","overlay-opacity":"","overlay-gradient":""}},"footnotes":""},"uagb_featured_image_src":{"full":false,"thumbnail":false,"medium":false,"medium_large":false,"large":false,"1536x1536":false,"2048x2048":false},"uagb_author_info":{"display_name":"guyot","author_link":"https:\/\/www.vidourle.com\/web\/author\/guyot\/"},"uagb_comment_info":0,"uagb_excerpt":"Nos services couvrent tous les aspects n\u00e9cessaires au succ\u00e8s de vos projets en assurant une vision globale des principaux enjeux qui les d\u00e9finissent par le regroupement d\u2019un ensemble. Vous pouvez consulter les d\u00e9tails des trois principaux services d&rsquo;expertise de Vidourle Ing\u00e9nierie Immobili\u00e8re dans les liens suivants.","_links":{"self":[{"href":"https:\/\/www.vidourle.com\/web\/wp-json\/wp\/v2\/pages\/8"}],"collection":[{"href":"https:\/\/www.vidourle.com\/web\/wp-json\/wp\/v2\/pages"}],"about":[{"href":"https:\/\/www.vidourle.com\/web\/wp-json\/wp\/v2\/types\/page"}],"author":[{"embeddable":true,"href":"https:\/\/www.vidourle.com\/web\/wp-json\/wp\/v2\/users\/2"}],"replies":[{"embeddable":true,"href":"https:\/\/www.vidourle.com\/web\/wp-json\/wp\/v2\/comments?post=8"}],"version-history":[{"count":0,"href":"https:\/\/www.vidourle.com\/web\/wp-json\/wp\/v2\/pages\/8\/revisions"}],"wp:attachment":[{"href":"https:\/\/www.vidourle.com\/web\/wp-json\/wp\/v2\/media?parent=8"}],"curies":[{"name":"wp","href":"https:\/\/api.w.org\/{rel}","templated":true}]}}