{"id":553,"date":"2016-12-12T10:51:14","date_gmt":"2016-12-12T09:51:14","guid":{"rendered":"http:\/\/www.vidourle.com\/new\/?page_id=553"},"modified":"2016-12-12T10:51:14","modified_gmt":"2016-12-12T09:51:14","slug":"homepage","status":"publish","type":"page","link":"https:\/\/www.vidourle.com\/web\/","title":{"rendered":"Accueil"},"content":{"rendered":"\n<div class=\"wp-block-uagb-container uagb-block-dd1f987e alignfull uagb-is-root-container\"><div class=\"uagb-container-inner-blocks-wrap\">\n<div class=\"wp-block-uagb-info-box uagb-block-f84d21ec uagb-infobox__content-wrap  uagb-infobox-icon-above-title uagb-infobox-image-valign-top\"><div class=\"uagb-ifb-content\"><div class=\"uagb-ifb-title-wrap\"><h2 class=\"uagb-ifb-title\">Vidourle | Ing\u00e9nierie Immobili\u00e8re<\/h2><\/div><div class=\"uagb-ifb-separator\"><\/div><p class=\"uagb-ifb-desc\">Bienvenue dans notre site Internet qui vous permettra d\u2019acc\u00e9der \u00e0 l\u2019identit\u00e9 d\u2019ing\u00e9nierie immobili\u00e8re de notre entreprise, de notre \u00e9quipe et les sp\u00e9cialisations de nos activit\u00e9s. Dans le cadre de l\u2019analyse immobili\u00e8re nous sommes tr\u00e8s pr\u00e9sents dans les expertises immobili\u00e8res, \u00e9conomiques, techniques et juridiques. Nous vous rendons attentif aussi \u00e0 notre nouvelle section d\u2019ing\u00e9nierie de l\u2019environnement particuli\u00e8rement sp\u00e9cialis\u00e9 dans les diagnostics de l\u2019amiante. Nous sommes \u00e0 l\u2019\u00e9coute de vos probl\u00e8mes \u00e0 r\u00e9soudre par notre page de contact sur laquelle un formulaire est \u00e0 votre disposition.<\/p><div class=\"uagb-ifb-button-wrapper wp-block-button\"><a href=\"https:\/\/www.vidourle.com\/web\/contact\/\" class=\"uagb-infobox-cta-link wp-block-button__link\" target=\"_self\" rel=\"noopener noreferrer\" alt=\"\"><span class=\"uagb-inline-editing\">Contactez-nous<\/span><\/a><\/div><\/div><\/div>\n<\/div><\/div>\n\n\n\n<div class=\"wp-block-uagb-container uagb-block-445a10b1 alignfull uagb-is-root-container\"><div class=\"uagb-container-inner-blocks-wrap\">\n<div class=\"wp-block-uagb-container uagb-block-c062243a\">\n<div class=\"wp-block-uagb-info-box uagb-block-81a1865b uagb-infobox__content-wrap  uagb-infobox-icon-above-title uagb-infobox-image-valign-top\"><div class=\"uagb-ifb-content\"><div class=\"uagb-ifb-icon-wrap\"><div class=\"uagb-iconbox-icon-wrap uagb-infobox-shape-squre\"><svg xmlns=\"https:\/\/www.w3.org\/2000\/svg\" viewBox=\"0 0 640 512\"><path d=\"M319.9 320c57.41 0 103.1-46.56 103.1-104c0-57.44-46.54-104-103.1-104c-57.41 0-103.1 46.56-103.1 104C215.9 273.4 262.5 320 319.9 320zM369.9 352H270.1C191.6 352 128 411.7 128 485.3C128 500.1 140.7 512 156.4 512h327.2C499.3 512 512 500.1 512 485.3C512 411.7 448.4 352 369.9 352zM512 160c44.18 0 80-35.82 80-80S556.2 0 512 0c-44.18 0-80 35.82-80 80S467.8 160 512 160zM183.9 216c0-5.449 .9824-10.63 1.609-15.91C174.6 194.1 162.6 192 149.9 192H88.08C39.44 192 0 233.8 0 285.3C0 295.6 7.887 304 17.62 304h199.5C196.7 280.2 183.9 249.7 183.9 216zM128 160c44.18 0 80-35.82 80-80S172.2 0 128 0C83.82 0 48 35.82 48 80S83.82 160 128 160zM551.9 192h-61.84c-12.8 0-24.88 3.037-35.86 8.24C454.8 205.5 455.8 210.6 455.8 216c0 33.71-12.78 64.21-33.16 88h199.7C632.1 304 640 295.6 640 285.3C640 233.8 600.6 192 551.9 192z\"><\/path><\/svg><\/div><\/div><div class=\"uagb-ifb-title-wrap\"><\/div><p class=\"uagb-ifb-desc\"><a href=\"https:\/\/www.vidourle.com\/web\/qui-sommes-nous\/\">Notre entreprise, qui sommes-nous?<\/a><\/p><\/div><\/div>\n<\/div>\n\n\n\n<div class=\"wp-block-uagb-container uagb-block-161649b4\">\n<div class=\"wp-block-uagb-info-box uagb-block-6afa1266 uagb-infobox__content-wrap  uagb-infobox-icon-above-title uagb-infobox-image-valign-top\"><div class=\"uagb-ifb-content\"><div class=\"uagb-ifb-icon-wrap\"><div class=\"uagb-iconbox-icon-wrap uagb-infobox-shape-squre\"><svg xmlns=\"https:\/\/www.w3.org\/2000\/svg\" viewBox=\"0 0 512 512\"><path d=\"M495.9 166.6C499.2 175.2 496.4 184.9 489.6 191.2L446.3 230.6C447.4 238.9 448 247.4 448 256C448 264.6 447.4 273.1 446.3 281.4L489.6 320.8C496.4 327.1 499.2 336.8 495.9 345.4C491.5 357.3 486.2 368.8 480.2 379.7L475.5 387.8C468.9 398.8 461.5 409.2 453.4 419.1C447.4 426.2 437.7 428.7 428.9 425.9L373.2 408.1C359.8 418.4 344.1 427 329.2 433.6L316.7 490.7C314.7 499.7 307.7 506.1 298.5 508.5C284.7 510.8 270.5 512 255.1 512C241.5 512 227.3 510.8 213.5 508.5C204.3 506.1 197.3 499.7 195.3 490.7L182.8 433.6C167 427 152.2 418.4 138.8 408.1L83.14 425.9C74.3 428.7 64.55 426.2 58.63 419.1C50.52 409.2 43.12 398.8 36.52 387.8L31.84 379.7C25.77 368.8 20.49 357.3 16.06 345.4C12.82 336.8 15.55 327.1 22.41 320.8L65.67 281.4C64.57 273.1 64 264.6 64 256C64 247.4 64.57 238.9 65.67 230.6L22.41 191.2C15.55 184.9 12.82 175.3 16.06 166.6C20.49 154.7 25.78 143.2 31.84 132.3L36.51 124.2C43.12 113.2 50.52 102.8 58.63 92.95C64.55 85.8 74.3 83.32 83.14 86.14L138.8 103.9C152.2 93.56 167 84.96 182.8 78.43L195.3 21.33C197.3 12.25 204.3 5.04 213.5 3.51C227.3 1.201 241.5 0 256 0C270.5 0 284.7 1.201 298.5 3.51C307.7 5.04 314.7 12.25 316.7 21.33L329.2 78.43C344.1 84.96 359.8 93.56 373.2 103.9L428.9 86.14C437.7 83.32 447.4 85.8 453.4 92.95C461.5 102.8 468.9 113.2 475.5 124.2L480.2 132.3C486.2 143.2 491.5 154.7 495.9 166.6V166.6zM256 336C300.2 336 336 300.2 336 255.1C336 211.8 300.2 175.1 256 175.1C211.8 175.1 176 211.8 176 255.1C176 300.2 211.8 336 256 336z\"><\/path><\/svg><\/div><\/div><div class=\"uagb-ifb-title-wrap\"><\/div><p class=\"uagb-ifb-desc\"><a href=\"https:\/\/www.vidourle.com\/web\/qui-sommes-nous\/\"><\/a><a href=\"https:\/\/www.vidourle.com\/web\/services\/\">D\u00e9couvrez les comp\u00e9tences de Vidourle<\/a><\/p><\/div><\/div>\n<\/div>\n\n\n\n<div class=\"wp-block-uagb-container uagb-block-346a21fc\">\n<div class=\"wp-block-uagb-info-box uagb-block-f125fe75 uagb-infobox__content-wrap  uagb-infobox-icon-above-title uagb-infobox-image-valign-top\"><div class=\"uagb-ifb-content\"><div class=\"uagb-ifb-icon-wrap\"><div class=\"uagb-iconbox-icon-wrap uagb-infobox-shape-squre\"><svg xmlns=\"https:\/\/www.w3.org\/2000\/svg\" viewBox=\"0 0 448 512\"><path d=\"M0 32c477.6 0 366.6 317.3 367.1 366.3L448 480h-26l-70.4-71.2c-39 4.2-124.4 34.5-214.4-37C47 300.3 52 214.7 0 32zm79.7 46c-49.7-23.5-5.2 9.2-5.2 9.2 45.2 31.2 66 73.7 90.2 119.9 31.5 60.2 79 139.7 144.2 167.7 65 28 34.2 12.5 6-8.5-28.2-21.2-68.2-87-91-130.2-31.7-60-61-118.6-144.2-158.1z\"><\/path><\/svg><\/div><\/div><div class=\"uagb-ifb-title-wrap\"><\/div><p class=\"uagb-ifb-desc\"><a href=\"https:\/\/www.vidourle.com\/web\/services\/ingenierie-de-lenvironnement\/\">Ing\u00e9nierie de l&rsquo;environnement<\/a><\/p><\/div><\/div>\n<\/div>\n\n\n\n<div class=\"wp-block-uagb-container uagb-block-a01446e0\">\n<div class=\"wp-block-uagb-info-box uagb-block-f243a9e5 uagb-infobox__content-wrap  uagb-infobox-icon-above-title uagb-infobox-image-valign-top\"><div class=\"uagb-ifb-content\"><div class=\"uagb-ifb-icon-wrap\"><div class=\"uagb-iconbox-icon-wrap uagb-infobox-shape-squre\"><svg xmlns=\"https:\/\/www.w3.org\/2000\/svg\" viewBox=\"0 0 512 512\"><path d=\"M464 64C490.5 64 512 85.49 512 112C512 127.1 504.9 141.3 492.8 150.4L275.2 313.6C263.8 322.1 248.2 322.1 236.8 313.6L19.2 150.4C7.113 141.3 0 127.1 0 112C0 85.49 21.49 64 48 64H464zM217.6 339.2C240.4 356.3 271.6 356.3 294.4 339.2L512 176V384C512 419.3 483.3 448 448 448H64C28.65 448 0 419.3 0 384V176L217.6 339.2z\"><\/path><\/svg><\/div><\/div><div class=\"uagb-ifb-title-wrap\"><\/div><p class=\"uagb-ifb-desc\"><a href=\"https:\/\/www.vidourle.com\/web\/contact\/\">N&rsquo;h\u00e9sitez pas \u00e0 nous contacter<\/a><\/p><\/div><\/div>\n<\/div>\n<\/div><\/div>\n","protected":false},"excerpt":{"rendered":"","protected":false},"author":2,"featured_media":0,"parent":0,"menu_order":0,"comment_status":"closed","ping_status":"closed","template":"","meta":{"_uag_custom_page_level_css":"","site-sidebar-layout":"default","site-content-layout":"page-builder","ast-site-content-layout":"default","site-content-style":"default","site-sidebar-style":"default","ast-global-header-display":"","ast-banner-title-visibility":"","ast-main-header-display":"","ast-hfb-above-header-display":"","ast-hfb-below-header-display":"","ast-hfb-mobile-header-display":"","site-post-title":"disabled","ast-breadcrumbs-content":"","ast-featured-img":"","footer-sml-layout":"","theme-transparent-header-meta":"","adv-header-id-meta":"","stick-header-meta":"","header-above-stick-meta":"","header-main-stick-meta":"","header-below-stick-meta":"","astra-migrate-meta-layouts":"default","ast-page-background-enabled":"default","ast-page-background-meta":{"desktop":{"background-color":"","background-image":"","background-repeat":"repeat","background-position":"center center","background-size":"auto","background-attachment":"scroll","background-type":"","background-media":"","overlay-type":"","overlay-color":"","overlay-opacity":"","overlay-gradient":""},"tablet":{"background-color":"","background-image":"","background-repeat":"repeat","background-position":"center center","background-size":"auto","background-attachment":"scroll","background-type":"","background-media":"","overlay-type":"","overlay-color":"","overlay-opacity":"","overlay-gradient":""},"mobile":{"background-color":"","background-image":"","background-repeat":"repeat","background-position":"center center","background-size":"auto","background-attachment":"scroll","background-type":"","background-media":"","overlay-type":"","overlay-color":"","overlay-opacity":"","overlay-gradient":""}},"ast-content-background-meta":{"desktop":{"background-color":"var(--ast-global-color-5)","background-image":"","background-repeat":"repeat","background-position":"center center","background-size":"auto","background-attachment":"scroll","background-type":"","background-media":"","overlay-type":"","overlay-color":"","overlay-opacity":"","overlay-gradient":""},"tablet":{"background-color":"var(--ast-global-color-5)","background-image":"","background-repeat":"repeat","background-position":"center center","background-size":"auto","background-attachment":"scroll","background-type":"","background-media":"","overlay-type":"","overlay-color":"","overlay-opacity":"","overlay-gradient":""},"mobile":{"background-color":"var(--ast-global-color-5)","background-image":"","background-repeat":"repeat","background-position":"center center","background-size":"auto","background-attachment":"scroll","background-type":"","background-media":"","overlay-type":"","overlay-color":"","overlay-opacity":"","overlay-gradient":""}},"footnotes":""},"uagb_featured_image_src":{"full":false,"thumbnail":false,"medium":false,"medium_large":false,"large":false,"1536x1536":false,"2048x2048":false},"uagb_author_info":{"display_name":"guyot","author_link":"https:\/\/www.vidourle.com\/web\/author\/guyot\/"},"uagb_comment_info":0,"uagb_excerpt":null,"_links":{"self":[{"href":"https:\/\/www.vidourle.com\/web\/wp-json\/wp\/v2\/pages\/553"}],"collection":[{"href":"https:\/\/www.vidourle.com\/web\/wp-json\/wp\/v2\/pages"}],"about":[{"href":"https:\/\/www.vidourle.com\/web\/wp-json\/wp\/v2\/types\/page"}],"author":[{"embeddable":true,"href":"https:\/\/www.vidourle.com\/web\/wp-json\/wp\/v2\/users\/2"}],"replies":[{"embeddable":true,"href":"https:\/\/www.vidourle.com\/web\/wp-json\/wp\/v2\/comments?post=553"}],"version-history":[{"count":0,"href":"https:\/\/www.vidourle.com\/web\/wp-json\/wp\/v2\/pages\/553\/revisions"}],"wp:attachment":[{"href":"https:\/\/www.vidourle.com\/web\/wp-json\/wp\/v2\/media?parent=553"}],"curies":[{"name":"wp","href":"https:\/\/api.w.org\/{rel}","templated":true}]}}