{"id":25,"date":"2012-07-19T20:36:45","date_gmt":"2012-07-19T18:36:45","guid":{"rendered":"http:\/\/www.guyot-architecture.ch\/test\/?page_id=25"},"modified":"2012-07-19T20:36:45","modified_gmt":"2012-07-19T18:36:45","slug":"contact","status":"publish","type":"page","link":"https:\/\/www.vidourle.com\/web\/contact\/","title":{"rendered":"N\u2019h\u00e9sitez pas \u00e0 nous contacter"},"content":{"rendered":"\n<p><span style=\"color: #b32637; font-size: large;\">VIDOURLE | Ing\u00e9nierie Immobili\u00e8re S.A<\/span><br><\/p>\n\n\n\n<p>Valentin 34, CP 105\u00a0 &#8211;\u00a0 1018 Lausanne<br>T\u00e9l. 0041 21 329 02 51<br>Fax 0041 21 329 02 60<br>Mail: <a href=\"mailto:info@guyot.ch\">info@guyot.ch<\/a><\/p>\n\n\n\n<p><\/p>\n\n\n\n<p>Notre bureau se situe directement sur la rue du Valentin ( il ne faut pas entrer dans les tours). Lorsque vous montez le Valentin vous croiserez le Fitness et l&rsquo;agence de voyage Nova Australia, continuez \u00e0 monter\u00a0et vous tomberez sur les escaliers qui relie la rue du Valentin au petit Valentin. Prenez ces escaliers et notre entr\u00e9e de bureau se trouve \u00e0 la moiti\u00e9 de ceux-ci.\u00a0<\/p>\n\n\n\n<p><\/p>\n\n\n\n<div class=\"wp-block-uagb-image uagb-block-da437c2f wp-block-uagb-image--layout-default wp-block-uagb-image--effect-static wp-block-uagb-image--align-none\"><figure class=\"wp-block-uagb-image__figure\"><img decoding=\"async\" srcset=\"https:\/\/www.vidourle.com\/web\/wp-content\/uploads\/Valentin_34.png \" src=\"https:\/\/www.vidourle.com\/web\/wp-content\/uploads\/Valentin_34.png\" alt=\"\" class=\"uag-image-2945\" title=\"\" loading=\"lazy\"\/><\/figure><\/div>\n\n\n\n<p>Notre \u00e9quipe est \u00e0 votre disposition pour toute question ou commentaire. Merci<span style=\"font-size: 10pt; margin-top: 15px;\"><\/span><\/p>\n","protected":false},"excerpt":{"rendered":"<p>VIDOURLE | Ing\u00e9nierie Immobili\u00e8re S.A Valentin 34, CP 105\u00a0 &#8211;\u00a0 1018 LausanneT\u00e9l. 0041 21 329 02 51Fax 0041 21 329 02 60Mail: info@guyot.ch Notre bureau se situe directement sur la rue du Valentin ( il ne faut pas entrer dans les tours). Lorsque vous montez le Valentin vous croiserez le Fitness et l&rsquo;agence de voyage [&hellip;]<\/p>\n","protected":false},"author":2,"featured_media":0,"parent":0,"menu_order":0,"comment_status":"closed","ping_status":"closed","template":"","meta":{"_uag_custom_page_level_css":"","site-sidebar-layout":"default","site-content-layout":"","ast-site-content-layout":"default","site-content-style":"default","site-sidebar-style":"default","ast-global-header-display":"","ast-banner-title-visibility":"","ast-main-header-display":"","ast-hfb-above-header-display":"","ast-hfb-below-header-display":"","ast-hfb-mobile-header-display":"","site-post-title":"","ast-breadcrumbs-content":"","ast-featured-img":"","footer-sml-layout":"","theme-transparent-header-meta":"","adv-header-id-meta":"","stick-header-meta":"","header-above-stick-meta":"","header-main-stick-meta":"","header-below-stick-meta":"","astra-migrate-meta-layouts":"default","ast-page-background-enabled":"default","ast-page-background-meta":{"desktop":{"background-color":"","background-image":"","background-repeat":"repeat","background-position":"center center","background-size":"auto","background-attachment":"scroll","background-type":"","background-media":"","overlay-type":"","overlay-color":"","overlay-opacity":"","overlay-gradient":""},"tablet":{"background-color":"","background-image":"","background-repeat":"repeat","background-position":"center center","background-size":"auto","background-attachment":"scroll","background-type":"","background-media":"","overlay-type":"","overlay-color":"","overlay-opacity":"","overlay-gradient":""},"mobile":{"background-color":"","background-image":"","background-repeat":"repeat","background-position":"center center","background-size":"auto","background-attachment":"scroll","background-type":"","background-media":"","overlay-type":"","overlay-color":"","overlay-opacity":"","overlay-gradient":""}},"ast-content-background-meta":{"desktop":{"background-color":"var(--ast-global-color-5)","background-image":"","background-repeat":"repeat","background-position":"center center","background-size":"auto","background-attachment":"scroll","background-type":"","background-media":"","overlay-type":"","overlay-color":"","overlay-opacity":"","overlay-gradient":""},"tablet":{"background-color":"var(--ast-global-color-5)","background-image":"","background-repeat":"repeat","background-position":"center center","background-size":"auto","background-attachment":"scroll","background-type":"","background-media":"","overlay-type":"","overlay-color":"","overlay-opacity":"","overlay-gradient":""},"mobile":{"background-color":"var(--ast-global-color-5)","background-image":"","background-repeat":"repeat","background-position":"center center","background-size":"auto","background-attachment":"scroll","background-type":"","background-media":"","overlay-type":"","overlay-color":"","overlay-opacity":"","overlay-gradient":""}},"footnotes":""},"uagb_featured_image_src":{"full":false,"thumbnail":false,"medium":false,"medium_large":false,"large":false,"1536x1536":false,"2048x2048":false},"uagb_author_info":{"display_name":"guyot","author_link":"https:\/\/www.vidourle.com\/web\/author\/guyot\/"},"uagb_comment_info":0,"uagb_excerpt":"VIDOURLE | Ing\u00e9nierie Immobili\u00e8re S.A Valentin 34, CP 105\u00a0 &#8211;\u00a0 1018 LausanneT\u00e9l. 0041 21 329 02 51Fax 0041 21 329 02 60Mail: info@guyot.ch Notre bureau se situe directement sur la rue du Valentin ( il ne faut pas entrer dans les tours). Lorsque vous montez le Valentin vous croiserez le Fitness et l&rsquo;agence de voyage\u2026","_links":{"self":[{"href":"https:\/\/www.vidourle.com\/web\/wp-json\/wp\/v2\/pages\/25"}],"collection":[{"href":"https:\/\/www.vidourle.com\/web\/wp-json\/wp\/v2\/pages"}],"about":[{"href":"https:\/\/www.vidourle.com\/web\/wp-json\/wp\/v2\/types\/page"}],"author":[{"embeddable":true,"href":"https:\/\/www.vidourle.com\/web\/wp-json\/wp\/v2\/users\/2"}],"replies":[{"embeddable":true,"href":"https:\/\/www.vidourle.com\/web\/wp-json\/wp\/v2\/comments?post=25"}],"version-history":[{"count":0,"href":"https:\/\/www.vidourle.com\/web\/wp-json\/wp\/v2\/pages\/25\/revisions"}],"wp:attachment":[{"href":"https:\/\/www.vidourle.com\/web\/wp-json\/wp\/v2\/media?parent=25"}],"curies":[{"name":"wp","href":"https:\/\/api.w.org\/{rel}","templated":true}]}}