{"id":244,"date":"2012-10-05T14:20:59","date_gmt":"2012-10-05T13:20:59","guid":{"rendered":"http:\/\/www.vidourle.com\/test\/?page_id=244"},"modified":"2012-10-05T14:20:59","modified_gmt":"2012-10-05T13:20:59","slug":"representation-du-maitre-de-louvrage","status":"publish","type":"page","link":"https:\/\/www.vidourle.com\/web\/services\/representation-du-maitre-de-louvrage\/","title":{"rendered":"Repr\u00e9sentation du Ma\u00eetre de l&rsquo;ouvrage"},"content":{"rendered":"<p>Lors du choix du Ma\u00eetre de l&rsquo;ouvrage de faire r\u00e9aliser son objet par une entreprise g\u00e9n\u00e9rale, il est absolument n\u00e9cessaire que la surveillance qualitative et \u00e9conomique du mandat de l&rsquo;entrepreneur g\u00e9n\u00e9rale soit assur\u00e9e dans l&rsquo;int\u00e9r\u00eat du Ma\u00eetre de l&rsquo;ouvrage.<br \/>\nVidourle ing\u00e9nierie compte plusieurs d\u00e9cennies d&rsquo;exp\u00e9rience dans ce domaine.<\/p>\n","protected":false},"excerpt":{"rendered":"<p>Lors du choix du Ma\u00eetre de l&rsquo;ouvrage de faire r\u00e9aliser son objet par une entreprise g\u00e9n\u00e9rale, il est absolument n\u00e9cessaire que la surveillance qualitative et \u00e9conomique du mandat de l&rsquo;entrepreneur g\u00e9n\u00e9rale soit assur\u00e9e dans l&rsquo;int\u00e9r\u00eat du Ma\u00eetre de l&rsquo;ouvrage. Vidourle ing\u00e9nierie compte plusieurs d\u00e9cennies d&rsquo;exp\u00e9rience dans ce domaine.<\/p>\n","protected":false},"author":2,"featured_media":0,"parent":8,"menu_order":0,"comment_status":"closed","ping_status":"closed","template":"","meta":{"_uag_custom_page_level_css":"","site-sidebar-layout":"default","site-content-layout":"","ast-site-content-layout":"default","site-content-style":"default","site-sidebar-style":"default","ast-global-header-display":"","ast-banner-title-visibility":"","ast-main-header-display":"","ast-hfb-above-header-display":"","ast-hfb-below-header-display":"","ast-hfb-mobile-header-display":"","site-post-title":"","ast-breadcrumbs-content":"","ast-featured-img":"","footer-sml-layout":"","theme-transparent-header-meta":"","adv-header-id-meta":"","stick-header-meta":"","header-above-stick-meta":"","header-main-stick-meta":"","header-below-stick-meta":"","astra-migrate-meta-layouts":"default","ast-page-background-enabled":"default","ast-page-background-meta":{"desktop":{"background-color":"","background-image":"","background-repeat":"repeat","background-position":"center center","background-size":"auto","background-attachment":"scroll","background-type":"","background-media":"","overlay-type":"","overlay-color":"","overlay-opacity":"","overlay-gradient":""},"tablet":{"background-color":"","background-image":"","background-repeat":"repeat","background-position":"center center","background-size":"auto","background-attachment":"scroll","background-type":"","background-media":"","overlay-type":"","overlay-color":"","overlay-opacity":"","overlay-gradient":""},"mobile":{"background-color":"","background-image":"","background-repeat":"repeat","background-position":"center center","background-size":"auto","background-attachment":"scroll","background-type":"","background-media":"","overlay-type":"","overlay-color":"","overlay-opacity":"","overlay-gradient":""}},"ast-content-background-meta":{"desktop":{"background-color":"var(--ast-global-color-5)","background-image":"","background-repeat":"repeat","background-position":"center center","background-size":"auto","background-attachment":"scroll","background-type":"","background-media":"","overlay-type":"","overlay-color":"","overlay-opacity":"","overlay-gradient":""},"tablet":{"background-color":"var(--ast-global-color-5)","background-image":"","background-repeat":"repeat","background-position":"center center","background-size":"auto","background-attachment":"scroll","background-type":"","background-media":"","overlay-type":"","overlay-color":"","overlay-opacity":"","overlay-gradient":""},"mobile":{"background-color":"var(--ast-global-color-5)","background-image":"","background-repeat":"repeat","background-position":"center center","background-size":"auto","background-attachment":"scroll","background-type":"","background-media":"","overlay-type":"","overlay-color":"","overlay-opacity":"","overlay-gradient":""}},"footnotes":""},"uagb_featured_image_src":{"full":false,"thumbnail":false,"medium":false,"medium_large":false,"large":false,"1536x1536":false,"2048x2048":false},"uagb_author_info":{"display_name":"guyot","author_link":"https:\/\/www.vidourle.com\/web\/author\/guyot\/"},"uagb_comment_info":0,"uagb_excerpt":"Lors du choix du Ma\u00eetre de l&rsquo;ouvrage de faire r\u00e9aliser son objet par une entreprise g\u00e9n\u00e9rale, il est absolument n\u00e9cessaire que la surveillance qualitative et \u00e9conomique du mandat de l&rsquo;entrepreneur g\u00e9n\u00e9rale soit assur\u00e9e dans l&rsquo;int\u00e9r\u00eat du Ma\u00eetre de l&rsquo;ouvrage. Vidourle ing\u00e9nierie compte plusieurs d\u00e9cennies d&rsquo;exp\u00e9rience dans ce domaine.","_links":{"self":[{"href":"https:\/\/www.vidourle.com\/web\/wp-json\/wp\/v2\/pages\/244"}],"collection":[{"href":"https:\/\/www.vidourle.com\/web\/wp-json\/wp\/v2\/pages"}],"about":[{"href":"https:\/\/www.vidourle.com\/web\/wp-json\/wp\/v2\/types\/page"}],"author":[{"embeddable":true,"href":"https:\/\/www.vidourle.com\/web\/wp-json\/wp\/v2\/users\/2"}],"replies":[{"embeddable":true,"href":"https:\/\/www.vidourle.com\/web\/wp-json\/wp\/v2\/comments?post=244"}],"version-history":[{"count":0,"href":"https:\/\/www.vidourle.com\/web\/wp-json\/wp\/v2\/pages\/244\/revisions"}],"up":[{"embeddable":true,"href":"https:\/\/www.vidourle.com\/web\/wp-json\/wp\/v2\/pages\/8"}],"wp:attachment":[{"href":"https:\/\/www.vidourle.com\/web\/wp-json\/wp\/v2\/media?parent=244"}],"curies":[{"name":"wp","href":"https:\/\/api.w.org\/{rel}","templated":true}]}}