{"id":206,"date":"2012-09-24T09:56:26","date_gmt":"2012-09-24T08:56:26","guid":{"rendered":"http:\/\/www.vidourle.com\/test\/?page_id=206"},"modified":"2012-09-24T09:56:26","modified_gmt":"2012-09-24T08:56:26","slug":"economie-de-construction","status":"publish","type":"page","link":"https:\/\/www.vidourle.com\/web\/services\/economie-de-construction\/","title":{"rendered":"Economie de construction"},"content":{"rendered":"\n<h3 class=\"wp-block-heading\">OBJECTIFS<\/h3>\n\n\n\n<ol>\n<li>La ma\u00eetrise des co\u00fbts de projet, de construction et d&rsquo;exploitation des ouvrages<\/li>\n\n\n\n<li>La constitution des banques de donn\u00e9es de valeurs r\u00e9f\u00e9rencielles et des s\u00e9rie de prix du march\u00e9<\/li>\n\n\n\n<li>La formation<\/li>\n<\/ol>\n\n\n\n<h3 class=\"wp-block-heading\">PRESTATIONS<\/h3>\n\n\n\n<ol>\n<li>Les relev\u00e9s et les m\u00e9tr\u00e9s<\/li>\n\n\n\n<li>Le cahier des charges et le manuel de projet<\/li>\n\n\n\n<li>Les \u00e9tudes de faisabilit\u00e9s techniques, l\u00e9gale et financi\u00e8re<\/li>\n\n\n\n<li>Les estimations<\/li>\n\n\n\n<li>Les estimations de concours de projets<\/li>\n\n\n\n<li>Les devis et\/ou les devis g\u00e9n\u00e9raux<\/li>\n\n\n\n<li>L&rsquo;analyse des devis d&rsquo;architecture et d&rsquo;entreprise<\/li>\n\n\n\n<li>Les soumissions CFC et\/ou CFE<\/li>\n\n\n\n<li>La comptabilit\u00e9 de chantier analyrique<\/li>\n\n\n\n<li>LE transfer CFC &gt; CFE<\/li>\n\n\n\n<li>Les banques de donn\u00e9es BVR et SPM<\/li>\n<\/ol>\n","protected":false},"excerpt":{"rendered":"<p>OBJECTIFS PRESTATIONS<\/p>\n","protected":false},"author":2,"featured_media":0,"parent":8,"menu_order":0,"comment_status":"closed","ping_status":"closed","template":"","meta":{"_uag_custom_page_level_css":"","site-sidebar-layout":"default","site-content-layout":"","ast-site-content-layout":"default","site-content-style":"default","site-sidebar-style":"default","ast-global-header-display":"","ast-banner-title-visibility":"","ast-main-header-display":"","ast-hfb-above-header-display":"","ast-hfb-below-header-display":"","ast-hfb-mobile-header-display":"","site-post-title":"","ast-breadcrumbs-content":"","ast-featured-img":"","footer-sml-layout":"","theme-transparent-header-meta":"","adv-header-id-meta":"","stick-header-meta":"","header-above-stick-meta":"","header-main-stick-meta":"","header-below-stick-meta":"","astra-migrate-meta-layouts":"default","ast-page-background-enabled":"default","ast-page-background-meta":{"desktop":{"background-color":"","background-image":"","background-repeat":"repeat","background-position":"center center","background-size":"auto","background-attachment":"scroll","background-type":"","background-media":"","overlay-type":"","overlay-color":"","overlay-opacity":"","overlay-gradient":""},"tablet":{"background-color":"","background-image":"","background-repeat":"repeat","background-position":"center center","background-size":"auto","background-attachment":"scroll","background-type":"","background-media":"","overlay-type":"","overlay-color":"","overlay-opacity":"","overlay-gradient":""},"mobile":{"background-color":"","background-image":"","background-repeat":"repeat","background-position":"center center","background-size":"auto","background-attachment":"scroll","background-type":"","background-media":"","overlay-type":"","overlay-color":"","overlay-opacity":"","overlay-gradient":""}},"ast-content-background-meta":{"desktop":{"background-color":"var(--ast-global-color-5)","background-image":"","background-repeat":"repeat","background-position":"center center","background-size":"auto","background-attachment":"scroll","background-type":"","background-media":"","overlay-type":"","overlay-color":"","overlay-opacity":"","overlay-gradient":""},"tablet":{"background-color":"var(--ast-global-color-5)","background-image":"","background-repeat":"repeat","background-position":"center center","background-size":"auto","background-attachment":"scroll","background-type":"","background-media":"","overlay-type":"","overlay-color":"","overlay-opacity":"","overlay-gradient":""},"mobile":{"background-color":"var(--ast-global-color-5)","background-image":"","background-repeat":"repeat","background-position":"center center","background-size":"auto","background-attachment":"scroll","background-type":"","background-media":"","overlay-type":"","overlay-color":"","overlay-opacity":"","overlay-gradient":""}},"footnotes":""},"uagb_featured_image_src":{"full":false,"thumbnail":false,"medium":false,"medium_large":false,"large":false,"1536x1536":false,"2048x2048":false},"uagb_author_info":{"display_name":"guyot","author_link":"https:\/\/www.vidourle.com\/web\/author\/guyot\/"},"uagb_comment_info":0,"uagb_excerpt":"OBJECTIFS PRESTATIONS","_links":{"self":[{"href":"https:\/\/www.vidourle.com\/web\/wp-json\/wp\/v2\/pages\/206"}],"collection":[{"href":"https:\/\/www.vidourle.com\/web\/wp-json\/wp\/v2\/pages"}],"about":[{"href":"https:\/\/www.vidourle.com\/web\/wp-json\/wp\/v2\/types\/page"}],"author":[{"embeddable":true,"href":"https:\/\/www.vidourle.com\/web\/wp-json\/wp\/v2\/users\/2"}],"replies":[{"embeddable":true,"href":"https:\/\/www.vidourle.com\/web\/wp-json\/wp\/v2\/comments?post=206"}],"version-history":[{"count":0,"href":"https:\/\/www.vidourle.com\/web\/wp-json\/wp\/v2\/pages\/206\/revisions"}],"up":[{"embeddable":true,"href":"https:\/\/www.vidourle.com\/web\/wp-json\/wp\/v2\/pages\/8"}],"wp:attachment":[{"href":"https:\/\/www.vidourle.com\/web\/wp-json\/wp\/v2\/media?parent=206"}],"curies":[{"name":"wp","href":"https:\/\/api.w.org\/{rel}","templated":true}]}}