{"id":202,"date":"2012-09-24T09:49:17","date_gmt":"2012-09-24T08:49:17","guid":{"rendered":"http:\/\/www.vidourle.com\/test\/?page_id=202"},"modified":"2012-09-24T09:49:17","modified_gmt":"2012-09-24T08:49:17","slug":"expertise-immobiliere","status":"publish","type":"page","link":"https:\/\/www.vidourle.com\/web\/services\/expertise-immobiliere\/","title":{"rendered":"Expertise Immobili\u00e8re"},"content":{"rendered":"<h3>OBJECTIFS<\/h3>\n<ol>\n<li>L&rsquo;expertise, le diagnostic et l&rsquo;analyse du b\u00e2ti<\/li>\n<li>Les analyses financi\u00e8res des projets<\/li>\n<li>L&rsquo;assistance et le conseil aux Ma\u00eetres d&rsquo;ouvrage dans les domaines administratif, juridique, technique et financier<\/li>\n<\/ol>\n<h3>PRESTATIONS<\/h3>\n<ol>\n<li>Les expertises immobili\u00e8res<\/li>\n<li>Les diagnostics techniques et finaciers<\/li>\n<li>Les analyses techniques, juridiques, \u00e9conomiques et financi\u00e8res de projets<\/li>\n<li>L&rsquo;assistance et le conseil aux Ma\u00eetres d&rsquo;ouvrage dans les domaines administratif, juridique, technique et financier<\/li>\n<li>L&rsquo;aide au plan financier<\/li>\n<\/ol>\n","protected":false},"excerpt":{"rendered":"<p>OBJECTIFS L&rsquo;expertise, le diagnostic et l&rsquo;analyse du b\u00e2ti Les analyses financi\u00e8res des projets L&rsquo;assistance et le conseil aux Ma\u00eetres d&rsquo;ouvrage dans les domaines administratif, juridique, technique et financier PRESTATIONS Les expertises immobili\u00e8res Les diagnostics techniques et finaciers Les analyses techniques, juridiques, \u00e9conomiques et financi\u00e8res de projets L&rsquo;assistance et le conseil aux Ma\u00eetres d&rsquo;ouvrage dans les [&hellip;]<\/p>\n","protected":false},"author":2,"featured_media":0,"parent":8,"menu_order":0,"comment_status":"closed","ping_status":"closed","template":"","meta":{"_uag_custom_page_level_css":"","site-sidebar-layout":"default","site-content-layout":"","ast-site-content-layout":"default","site-content-style":"default","site-sidebar-style":"default","ast-global-header-display":"","ast-banner-title-visibility":"","ast-main-header-display":"","ast-hfb-above-header-display":"","ast-hfb-below-header-display":"","ast-hfb-mobile-header-display":"","site-post-title":"","ast-breadcrumbs-content":"","ast-featured-img":"","footer-sml-layout":"","theme-transparent-header-meta":"","adv-header-id-meta":"","stick-header-meta":"","header-above-stick-meta":"","header-main-stick-meta":"","header-below-stick-meta":"","astra-migrate-meta-layouts":"default","ast-page-background-enabled":"default","ast-page-background-meta":{"desktop":{"background-color":"","background-image":"","background-repeat":"repeat","background-position":"center center","background-size":"auto","background-attachment":"scroll","background-type":"","background-media":"","overlay-type":"","overlay-color":"","overlay-opacity":"","overlay-gradient":""},"tablet":{"background-color":"","background-image":"","background-repeat":"repeat","background-position":"center center","background-size":"auto","background-attachment":"scroll","background-type":"","background-media":"","overlay-type":"","overlay-color":"","overlay-opacity":"","overlay-gradient":""},"mobile":{"background-color":"","background-image":"","background-repeat":"repeat","background-position":"center center","background-size":"auto","background-attachment":"scroll","background-type":"","background-media":"","overlay-type":"","overlay-color":"","overlay-opacity":"","overlay-gradient":""}},"ast-content-background-meta":{"desktop":{"background-color":"var(--ast-global-color-5)","background-image":"","background-repeat":"repeat","background-position":"center center","background-size":"auto","background-attachment":"scroll","background-type":"","background-media":"","overlay-type":"","overlay-color":"","overlay-opacity":"","overlay-gradient":""},"tablet":{"background-color":"var(--ast-global-color-5)","background-image":"","background-repeat":"repeat","background-position":"center center","background-size":"auto","background-attachment":"scroll","background-type":"","background-media":"","overlay-type":"","overlay-color":"","overlay-opacity":"","overlay-gradient":""},"mobile":{"background-color":"var(--ast-global-color-5)","background-image":"","background-repeat":"repeat","background-position":"center center","background-size":"auto","background-attachment":"scroll","background-type":"","background-media":"","overlay-type":"","overlay-color":"","overlay-opacity":"","overlay-gradient":""}},"footnotes":""},"uagb_featured_image_src":{"full":false,"thumbnail":false,"medium":false,"medium_large":false,"large":false,"1536x1536":false,"2048x2048":false},"uagb_author_info":{"display_name":"guyot","author_link":"https:\/\/www.vidourle.com\/web\/author\/guyot\/"},"uagb_comment_info":0,"uagb_excerpt":"OBJECTIFS L&rsquo;expertise, le diagnostic et l&rsquo;analyse du b\u00e2ti Les analyses financi\u00e8res des projets L&rsquo;assistance et le conseil aux Ma\u00eetres d&rsquo;ouvrage dans les domaines administratif, juridique, technique et financier PRESTATIONS Les expertises immobili\u00e8res Les diagnostics techniques et finaciers Les analyses techniques, juridiques, \u00e9conomiques et financi\u00e8res de projets L&rsquo;assistance et le conseil aux Ma\u00eetres d&rsquo;ouvrage dans les\u2026","_links":{"self":[{"href":"https:\/\/www.vidourle.com\/web\/wp-json\/wp\/v2\/pages\/202"}],"collection":[{"href":"https:\/\/www.vidourle.com\/web\/wp-json\/wp\/v2\/pages"}],"about":[{"href":"https:\/\/www.vidourle.com\/web\/wp-json\/wp\/v2\/types\/page"}],"author":[{"embeddable":true,"href":"https:\/\/www.vidourle.com\/web\/wp-json\/wp\/v2\/users\/2"}],"replies":[{"embeddable":true,"href":"https:\/\/www.vidourle.com\/web\/wp-json\/wp\/v2\/comments?post=202"}],"version-history":[{"count":0,"href":"https:\/\/www.vidourle.com\/web\/wp-json\/wp\/v2\/pages\/202\/revisions"}],"up":[{"embeddable":true,"href":"https:\/\/www.vidourle.com\/web\/wp-json\/wp\/v2\/pages\/8"}],"wp:attachment":[{"href":"https:\/\/www.vidourle.com\/web\/wp-json\/wp\/v2\/media?parent=202"}],"curies":[{"name":"wp","href":"https:\/\/api.w.org\/{rel}","templated":true}]}}