{"id":151,"date":"2012-09-18T18:43:52","date_gmt":"2012-09-18T17:43:52","guid":{"rendered":"http:\/\/www.vidourle.com\/test\/?page_id=151"},"modified":"2024-04-19T20:44:40","modified_gmt":"2024-04-19T18:44:40","slug":"expertise-economique","status":"publish","type":"page","link":"https:\/\/www.vidourle.com\/web\/expertises\/expertise-economique\/","title":{"rendered":"Expertise Economique"},"content":{"rendered":"<p><img loading=\"lazy\" decoding=\"async\" class=\"alignleft size-medium wp-image-268\" title=\"Expertise Economique\" src=\"http:\/\/www.vidourle.com\/wp-content\/uploads\/2012\/09\/expert_1-300x225.jpg\" alt=\"\" width=\"300\" height=\"225\" srcset=\"https:\/\/www.vidourle.com\/web\/wp-content\/uploads\/2012\/09\/expert_1-300x225.jpg 300w, https:\/\/www.vidourle.com\/web\/wp-content\/uploads\/2012\/09\/expert_1.jpg 450w\" sizes=\"(max-width: 300px) 100vw, 300px\" \/>Tout bien immobilier est caract\u00e9ris\u00e9 notamment par ses valeurs\u00a0 de rendement, intrins\u00e8que, v\u00e9nale, fiscale, par exemples.<\/p>\n<p>Une vingtaine de d\u00e9termination d&rsquo;\u00e9valuation de valeur sont \u00e9galement imaginables selon l&rsquo;objet \u00e0 \u00e9valuer.<\/p>\n<p>Vidourle ing\u00e9nierie est \u00e0 m\u00eame par son exp\u00e9rience du b\u00e2ti \u00e0 conna\u00eetre le chemin n\u00e9cessaire \u00e0 l&rsquo;\u00e9valuation \u00e9conomique d&rsquo;un bien immobilier.<\/p>\n","protected":false},"excerpt":{"rendered":"<p>Tout bien immobilier est caract\u00e9ris\u00e9 notamment par ses valeurs\u00a0 de rendement, intrins\u00e8que, v\u00e9nale, fiscale, par exemples. Une vingtaine de d\u00e9termination d&rsquo;\u00e9valuation de valeur sont \u00e9galement imaginables selon l&rsquo;objet \u00e0 \u00e9valuer. Vidourle ing\u00e9nierie est \u00e0 m\u00eame par son exp\u00e9rience du b\u00e2ti \u00e0 conna\u00eetre le chemin n\u00e9cessaire \u00e0 l&rsquo;\u00e9valuation \u00e9conomique d&rsquo;un bien immobilier.<\/p>\n","protected":false},"author":2,"featured_media":0,"parent":10,"menu_order":0,"comment_status":"closed","ping_status":"closed","template":"","meta":{"_uag_custom_page_level_css":"","site-sidebar-layout":"default","site-content-layout":"","ast-site-content-layout":"default","site-content-style":"default","site-sidebar-style":"default","ast-global-header-display":"","ast-banner-title-visibility":"","ast-main-header-display":"","ast-hfb-above-header-display":"","ast-hfb-below-header-display":"","ast-hfb-mobile-header-display":"","site-post-title":"","ast-breadcrumbs-content":"","ast-featured-img":"","footer-sml-layout":"","theme-transparent-header-meta":"","adv-header-id-meta":"","stick-header-meta":"","header-above-stick-meta":"","header-main-stick-meta":"","header-below-stick-meta":"","astra-migrate-meta-layouts":"set","ast-page-background-enabled":"default","ast-page-background-meta":{"desktop":{"background-color":"","background-image":"","background-repeat":"repeat","background-position":"center center","background-size":"auto","background-attachment":"scroll","background-type":"","background-media":"","overlay-type":"","overlay-color":"","overlay-opacity":"","overlay-gradient":""},"tablet":{"background-color":"","background-image":"","background-repeat":"repeat","background-position":"center center","background-size":"auto","background-attachment":"scroll","background-type":"","background-media":"","overlay-type":"","overlay-color":"","overlay-opacity":"","overlay-gradient":""},"mobile":{"background-color":"","background-image":"","background-repeat":"repeat","background-position":"center center","background-size":"auto","background-attachment":"scroll","background-type":"","background-media":"","overlay-type":"","overlay-color":"","overlay-opacity":"","overlay-gradient":""}},"ast-content-background-meta":{"desktop":{"background-color":"var(--ast-global-color-5)","background-image":"","background-repeat":"repeat","background-position":"center center","background-size":"auto","background-attachment":"scroll","background-type":"","background-media":"","overlay-type":"","overlay-color":"","overlay-opacity":"","overlay-gradient":""},"tablet":{"background-color":"var(--ast-global-color-5)","background-image":"","background-repeat":"repeat","background-position":"center center","background-size":"auto","background-attachment":"scroll","background-type":"","background-media":"","overlay-type":"","overlay-color":"","overlay-opacity":"","overlay-gradient":""},"mobile":{"background-color":"var(--ast-global-color-5)","background-image":"","background-repeat":"repeat","background-position":"center center","background-size":"auto","background-attachment":"scroll","background-type":"","background-media":"","overlay-type":"","overlay-color":"","overlay-opacity":"","overlay-gradient":""}},"footnotes":""},"uagb_featured_image_src":{"full":false,"thumbnail":false,"medium":false,"medium_large":false,"large":false,"1536x1536":false,"2048x2048":false},"uagb_author_info":{"display_name":"guyot","author_link":"https:\/\/www.vidourle.com\/web\/author\/guyot\/"},"uagb_comment_info":0,"uagb_excerpt":"Tout bien immobilier est caract\u00e9ris\u00e9 notamment par ses valeurs\u00a0 de rendement, intrins\u00e8que, v\u00e9nale, fiscale, par exemples. Une vingtaine de d\u00e9termination d&rsquo;\u00e9valuation de valeur sont \u00e9galement imaginables selon l&rsquo;objet \u00e0 \u00e9valuer. Vidourle ing\u00e9nierie est \u00e0 m\u00eame par son exp\u00e9rience du b\u00e2ti \u00e0 conna\u00eetre le chemin n\u00e9cessaire \u00e0 l&rsquo;\u00e9valuation \u00e9conomique d&rsquo;un bien immobilier.","_links":{"self":[{"href":"https:\/\/www.vidourle.com\/web\/wp-json\/wp\/v2\/pages\/151"}],"collection":[{"href":"https:\/\/www.vidourle.com\/web\/wp-json\/wp\/v2\/pages"}],"about":[{"href":"https:\/\/www.vidourle.com\/web\/wp-json\/wp\/v2\/types\/page"}],"author":[{"embeddable":true,"href":"https:\/\/www.vidourle.com\/web\/wp-json\/wp\/v2\/users\/2"}],"replies":[{"embeddable":true,"href":"https:\/\/www.vidourle.com\/web\/wp-json\/wp\/v2\/comments?post=151"}],"version-history":[{"count":1,"href":"https:\/\/www.vidourle.com\/web\/wp-json\/wp\/v2\/pages\/151\/revisions"}],"predecessor-version":[{"id":2996,"href":"https:\/\/www.vidourle.com\/web\/wp-json\/wp\/v2\/pages\/151\/revisions\/2996"}],"up":[{"embeddable":true,"href":"https:\/\/www.vidourle.com\/web\/wp-json\/wp\/v2\/pages\/10"}],"wp:attachment":[{"href":"https:\/\/www.vidourle.com\/web\/wp-json\/wp\/v2\/media?parent=151"}],"curies":[{"name":"wp","href":"https:\/\/api.w.org\/{rel}","templated":true}]}}